{"id":23,"date":"2017-10-20T14:29:35","date_gmt":"2017-10-20T14:29:35","guid":{"rendered":"http:\/\/casalarestrelabrilha.org.br\/?page_id=23"},"modified":"2023-07-11T15:20:13","modified_gmt":"2023-07-11T18:20:13","slug":"quem-somos","status":"publish","type":"page","link":"https:\/\/casalarestrelabrilha.org.br\/index.php\/quem-somos\/","title":{"rendered":"Quem Somos"},"content":{"rendered":"<p>&nbsp;<\/p>\n<p><img loading=\"lazy\" decoding=\"async\" class=\"alignnone size-full wp-image-11\" src=\"http:\/\/casalarestrelabrilha.org.br\/wp-content\/uploads\/2017\/10\/casa-lar-estrela-brilha-1-1.jpg\" alt=\"\" width=\"1000\" height=\"417\" srcset=\"https:\/\/casalarestrelabrilha.org.br\/wp-content\/uploads\/2017\/10\/casa-lar-estrela-brilha-1-1.jpg 1000w, https:\/\/casalarestrelabrilha.org.br\/wp-content\/uploads\/2017\/10\/casa-lar-estrela-brilha-1-1-300x125.jpg 300w, https:\/\/casalarestrelabrilha.org.br\/wp-content\/uploads\/2017\/10\/casa-lar-estrela-brilha-1-1-768x320.jpg 768w\" sizes=\"auto, (max-width: 1000px) 100vw, 1000px\" \/><\/p>\n<p>A <strong>CASA LAR ESTRELA BRILHA<\/strong>, \u00e9 uma entidade sem fins lucrativos.<\/p>\n<p>Nosso novo trabalho \u00e9 cuidar de crian\u00e7as com problemas de sa\u00fade que juntamente com as suas m\u00e3es, que vindas de outra cidades, ficam hospedadas em nossa casa, para dar todo apoio necess\u00e1rio neste momento t\u00e3o dif\u00edcil.<\/p>\n<p>Ajudamos tamb\u00e9m com cestas b\u00e1sicas, fam\u00edlias carentes e uma vez por m\u00eas levamos marmitex para os moradores de rua e fazemos doa\u00e7\u00f5es de roupas.<\/p>\n<p>Necessitamos com urg\u00eancia um im\u00f3vel pr\u00f3prio e um ve\u00edculo para transportar as crian\u00e7as para os hospitais, por isso contamos com sua compreens\u00e3o e sua ajuda para esta causa t\u00e3o nobre, de ajudar as crian\u00e7as.<\/p>\n<p>Doa\u00e7\u00f5es :<\/p>\n<p>Banco Stone Ag 001 conta 525602 9<br \/>\nPIX : CNPJ &nbsp;04. 782 .893\/0001. 25<\/p>\n<p>FONE: (11) 2233-4146<\/p>\n<p class=\"section-hero-header-title-title GLOBAL__gm2-headline-5\">Av. General Penha Brasil, 994 &#8211; Vila Nova Cachoeirinha<\/p>\n<p class=\"section-hero-header-title-title GLOBAL__gm2-headline-5\">S\u00e3o Paulo &#8211; SP<\/p>\n","protected":false},"excerpt":{"rendered":"<p>&nbsp; A CASA LAR ESTRELA BRILHA, \u00e9 uma entidade sem fins lucrativos. Nosso novo trabalho \u00e9 cuidar de crian\u00e7as com problemas de sa\u00fade que juntamente com as suas m\u00e3es, que vindas de outra cidades, ficam hospedadas em nossa casa, para dar todo apoio necess\u00e1rio neste momento t\u00e3o dif\u00edcil. Ajudamos tamb\u00e9m com cestas b\u00e1sicas, fam\u00edlias carentes [&hellip;]<\/p>\n","protected":false},"author":1,"featured_media":0,"parent":0,"menu_order":0,"comment_status":"closed","ping_status":"closed","template":"","meta":{"om_disable_all_campaigns":false,"_monsterinsights_skip_tracking":false,"_monsterinsights_sitenote_active":false,"_monsterinsights_sitenote_note":"","_monsterinsights_sitenote_category":0,"ngg_post_thumbnail":0,"footnotes":""},"class_list":["post-23","page","type-page","status-publish","hentry"],"_links":{"self":[{"href":"https:\/\/casalarestrelabrilha.org.br\/index.php\/wp-json\/wp\/v2\/pages\/23","targetHints":{"allow":["GET"]}}],"collection":[{"href":"https:\/\/casalarestrelabrilha.org.br\/index.php\/wp-json\/wp\/v2\/pages"}],"about":[{"href":"https:\/\/casalarestrelabrilha.org.br\/index.php\/wp-json\/wp\/v2\/types\/page"}],"author":[{"embeddable":true,"href":"https:\/\/casalarestrelabrilha.org.br\/index.php\/wp-json\/wp\/v2\/users\/1"}],"replies":[{"embeddable":true,"href":"https:\/\/casalarestrelabrilha.org.br\/index.php\/wp-json\/wp\/v2\/comments?post=23"}],"version-history":[{"count":4,"href":"https:\/\/casalarestrelabrilha.org.br\/index.php\/wp-json\/wp\/v2\/pages\/23\/revisions"}],"predecessor-version":[{"id":206,"href":"https:\/\/casalarestrelabrilha.org.br\/index.php\/wp-json\/wp\/v2\/pages\/23\/revisions\/206"}],"wp:attachment":[{"href":"https:\/\/casalarestrelabrilha.org.br\/index.php\/wp-json\/wp\/v2\/media?parent=23"}],"curies":[{"name":"wp","href":"https:\/\/api.w.org\/{rel}","templated":true}]}}