{"id":103,"date":"2017-10-20T18:05:31","date_gmt":"2017-10-20T20:05:31","guid":{"rendered":"http:\/\/casalarestrelabrilha.org.br\/?page_id=103"},"modified":"2023-01-17T11:57:10","modified_gmt":"2023-01-17T14:57:10","slug":"como-ajudar","status":"publish","type":"page","link":"https:\/\/casalarestrelabrilha.org.br\/index.php\/como-ajudar\/","title":{"rendered":"Como ajudar"},"content":{"rendered":"<p>Necessitamos com urg\u00eancia um im\u00f3vel pr\u00f3prio e um ve\u00edculo para transportar as crian\u00e7as para os hospitais, por isso contamos com sua compreens\u00e3o e sua ajuda para esta causa t\u00e3o nobre, de ajudar as crian\u00e7as.<\/p>\n<p>PARA NOS AJUDAR&#8230;<\/p>\n<p><img loading=\"lazy\" decoding=\"async\" class=\"alignnone size-full wp-image-104\" src=\"http:\/\/casalarestrelabrilha.org.br\/wp-content\/uploads\/2017\/10\/doe.jpg\" alt=\"\" width=\"521\" height=\"301\" srcset=\"https:\/\/casalarestrelabrilha.org.br\/wp-content\/uploads\/2017\/10\/doe.jpg 521w, https:\/\/casalarestrelabrilha.org.br\/wp-content\/uploads\/2017\/10\/doe-300x173.jpg 300w\" sizes=\"auto, (max-width: 521px) 100vw, 521px\" \/><\/p>\n<p>Doa\u00e7\u00f5es :<\/p>\n<p>Banco Stone Ag 001 conta 525602 9<br \/>\nPIX : CNPJ &nbsp;04. 782 .893\/0001. 25<\/p>\n<p>EM ESP\u00c9CIE<\/p>\n<p>Necessitamos de:<\/p>\n<ul>\n<li>Alimentos em geral<\/li>\n<li>Medicamentos<\/li>\n<li>Material de higiene<\/li>\n<li>Material de limpeza<\/li>\n<li>Roupas<\/li>\n<li>Brinquedos<\/li>\n<li>M\u00f3veis<\/li>\n<li>Utens\u00edlio dom\u00e9sticos<\/li>\n<li>Utilidades para nosso BAZAR<\/li>\n<\/ul>\n<p>&nbsp;<\/p>\n","protected":false},"excerpt":{"rendered":"<p>Necessitamos com urg\u00eancia um im\u00f3vel pr\u00f3prio e um ve\u00edculo para transportar as crian\u00e7as para os hospitais, por isso contamos com sua compreens\u00e3o e sua ajuda para esta causa t\u00e3o nobre, de ajudar as crian\u00e7as. PARA NOS AJUDAR&#8230; Doa\u00e7\u00f5es : Banco Stone Ag 001 conta 525602 9 PIX : CNPJ &nbsp;04. 782 .893\/0001. 25 EM ESP\u00c9CIE [&hellip;]<\/p>\n","protected":false},"author":1,"featured_media":0,"parent":0,"menu_order":0,"comment_status":"closed","ping_status":"closed","template":"","meta":{"om_disable_all_campaigns":false,"_monsterinsights_skip_tracking":false,"_monsterinsights_sitenote_active":false,"_monsterinsights_sitenote_note":"","_monsterinsights_sitenote_category":0,"ngg_post_thumbnail":0,"footnotes":""},"class_list":["post-103","page","type-page","status-publish","hentry"],"_links":{"self":[{"href":"https:\/\/casalarestrelabrilha.org.br\/index.php\/wp-json\/wp\/v2\/pages\/103","targetHints":{"allow":["GET"]}}],"collection":[{"href":"https:\/\/casalarestrelabrilha.org.br\/index.php\/wp-json\/wp\/v2\/pages"}],"about":[{"href":"https:\/\/casalarestrelabrilha.org.br\/index.php\/wp-json\/wp\/v2\/types\/page"}],"author":[{"embeddable":true,"href":"https:\/\/casalarestrelabrilha.org.br\/index.php\/wp-json\/wp\/v2\/users\/1"}],"replies":[{"embeddable":true,"href":"https:\/\/casalarestrelabrilha.org.br\/index.php\/wp-json\/wp\/v2\/comments?post=103"}],"version-history":[{"count":2,"href":"https:\/\/casalarestrelabrilha.org.br\/index.php\/wp-json\/wp\/v2\/pages\/103\/revisions"}],"predecessor-version":[{"id":207,"href":"https:\/\/casalarestrelabrilha.org.br\/index.php\/wp-json\/wp\/v2\/pages\/103\/revisions\/207"}],"wp:attachment":[{"href":"https:\/\/casalarestrelabrilha.org.br\/index.php\/wp-json\/wp\/v2\/media?parent=103"}],"curies":[{"name":"wp","href":"https:\/\/api.w.org\/{rel}","templated":true}]}}